{"id":886,"date":"2024-07-01T13:45:49","date_gmt":"2024-07-01T18:45:49","guid":{"rendered":"https:\/\/alvarogomezcampuzano.com\/?page_id=886"},"modified":"2024-07-01T13:47:24","modified_gmt":"2024-07-01T18:47:24","slug":"acrilicas","status":"publish","type":"page","link":"https:\/\/alvarogomezcampuzano.com\/index.php\/sinteticas\/acrilicas\/","title":{"rendered":"Acr\u00edlicos"},"content":{"rendered":"\t\t<div data-elementor-type=\"wp-page\" data-elementor-id=\"886\" class=\"elementor elementor-886\">\n\t\t\t\t<div class=\"elementor-element elementor-element-3579508 e-con-full e-flex e-con e-parent\" data-id=\"3579508\" data-element_type=\"container\">\n\t\t\t\t<div class=\"elementor-element elementor-element-9471351 elementor-widget elementor-widget-edgtf_portfolio_list_horizontal\" data-id=\"9471351\" data-element_type=\"widget\" data-widget_type=\"edgtf_portfolio_list_horizontal.default\">\n\t\t\t\t<div class=\"elementor-widget-container\">\n\t\t\t<div class=\"edgtf-portfolio-list-horizontal-holder edgtf-fullscreen\" >\n    <div class=\"edgtf-portfolio-list-horizontal-inner\">\n        \n<div class=\"edgtf-plh-item\">\n    <a itemprop=\"url\" href=\"https:\/\/alvarogomezcampuzano.com\/index.php\/portfolio-item\/we-are-all-one\/\" target=\"_self\">\n        <img decoding=\"async\" src=\"https:\/\/alvarogomezcampuzano.com\/wp-content\/uploads\/2024\/07\/AlvaroDGomez-01.jpg\" alt=\"\">\n    <\/a>\n    <div class=\"edgtf-plhi-title-holder\">\n        <h6 class='edgtf-plhi-title'>\n            <a itemprop=\"url\" href=\"https:\/\/alvarogomezcampuzano.com\/index.php\/portfolio-item\/we-are-all-one\/\" target=\"_self\">\n                We are all one            <\/a>\n        <\/h6>\n    <\/div>\n    \t\t<div class=\"edgtf-pli-category-holder\">\n\t\t\t\t\t\t\t<a itemprop=\"url\" class=\"edgtf-pli-category\" href=\"https:\/\/alvarogomezcampuzano.com\/index.php\/portfolio-category\/acrilicos\/\">Acr\u00edlicos<\/a>\n\t\t\t\t\t\t\t<a itemprop=\"url\" class=\"edgtf-pli-category\" href=\"https:\/\/alvarogomezcampuzano.com\/index.php\/portfolio-category\/sinteticas\/\">Sint\u00e9ticas<\/a>\n\t\t\t\t\t<\/div>\n\t<\/div> \n<div class=\"edgtf-plh-item\">\n    <a itemprop=\"url\" href=\"https:\/\/alvarogomezcampuzano.com\/index.php\/portfolio-item\/we-are-all-one-ii\/\" target=\"_self\">\n        <img decoding=\"async\" src=\"https:\/\/alvarogomezcampuzano.com\/wp-content\/uploads\/2024\/07\/AlvaroDGomez-06.jpg\" alt=\"\">\n    <\/a>\n    <div class=\"edgtf-plhi-title-holder\">\n        <h6 class='edgtf-plhi-title'>\n            <a itemprop=\"url\" href=\"https:\/\/alvarogomezcampuzano.com\/index.php\/portfolio-item\/we-are-all-one-ii\/\" target=\"_self\">\n                We are all one II            <\/a>\n        <\/h6>\n    <\/div>\n    \t\t<div class=\"edgtf-pli-category-holder\">\n\t\t\t\t\t\t\t<a itemprop=\"url\" class=\"edgtf-pli-category\" href=\"https:\/\/alvarogomezcampuzano.com\/index.php\/portfolio-category\/acrilicos\/\">Acr\u00edlicos<\/a>\n\t\t\t\t\t\t\t<a itemprop=\"url\" class=\"edgtf-pli-category\" href=\"https:\/\/alvarogomezcampuzano.com\/index.php\/portfolio-category\/sinteticas\/\">Sint\u00e9ticas<\/a>\n\t\t\t\t\t<\/div>\n\t<\/div> \n<div class=\"edgtf-plh-item\">\n    <a itemprop=\"url\" href=\"https:\/\/alvarogomezcampuzano.com\/index.php\/portfolio-item\/we-are-all-one-iii\/\" target=\"_self\">\n        <img decoding=\"async\" src=\"https:\/\/alvarogomezcampuzano.com\/wp-content\/uploads\/2024\/07\/AlvaroDGomez-11.jpg\" alt=\"\">\n    <\/a>\n    <div class=\"edgtf-plhi-title-holder\">\n        <h6 class='edgtf-plhi-title'>\n            <a itemprop=\"url\" href=\"https:\/\/alvarogomezcampuzano.com\/index.php\/portfolio-item\/we-are-all-one-iii\/\" target=\"_self\">\n                We are all one III            <\/a>\n        <\/h6>\n    <\/div>\n    \t\t<div class=\"edgtf-pli-category-holder\">\n\t\t\t\t\t\t\t<a itemprop=\"url\" class=\"edgtf-pli-category\" href=\"https:\/\/alvarogomezcampuzano.com\/index.php\/portfolio-category\/acrilicos\/\">Acr\u00edlicos<\/a>\n\t\t\t\t\t\t\t<a itemprop=\"url\" class=\"edgtf-pli-category\" href=\"https:\/\/alvarogomezcampuzano.com\/index.php\/portfolio-category\/sinteticas\/\">Sint\u00e9ticas<\/a>\n\t\t\t\t\t<\/div>\n\t<\/div> \n<div class=\"edgtf-plh-item\">\n    <a itemprop=\"url\" href=\"https:\/\/alvarogomezcampuzano.com\/index.php\/portfolio-item\/we-are-all-one-iv\/\" target=\"_self\">\n        <img decoding=\"async\" src=\"https:\/\/alvarogomezcampuzano.com\/wp-content\/uploads\/2024\/07\/FotoSM-1-1.jpg\" alt=\"\">\n    <\/a>\n    <div class=\"edgtf-plhi-title-holder\">\n        <h6 class='edgtf-plhi-title'>\n            <a itemprop=\"url\" href=\"https:\/\/alvarogomezcampuzano.com\/index.php\/portfolio-item\/we-are-all-one-iv\/\" target=\"_self\">\n                We are all one IV            <\/a>\n        <\/h6>\n    <\/div>\n    \t\t<div class=\"edgtf-pli-category-holder\">\n\t\t\t\t\t\t\t<a itemprop=\"url\" class=\"edgtf-pli-category\" href=\"https:\/\/alvarogomezcampuzano.com\/index.php\/portfolio-category\/acrilicos\/\">Acr\u00edlicos<\/a>\n\t\t\t\t\t\t\t<a itemprop=\"url\" class=\"edgtf-pli-category\" href=\"https:\/\/alvarogomezcampuzano.com\/index.php\/portfolio-category\/sinteticas\/\">Sint\u00e9ticas<\/a>\n\t\t\t\t\t<\/div>\n\t<\/div> \n<div class=\"edgtf-plh-item\">\n    <a itemprop=\"url\" href=\"https:\/\/alvarogomezcampuzano.com\/index.php\/portfolio-item\/nudo-i\/\" target=\"_self\">\n        <img decoding=\"async\" src=\"https:\/\/alvarogomezcampuzano.com\/wp-content\/uploads\/2024\/07\/01.jpg\" alt=\"\">\n    <\/a>\n    <div class=\"edgtf-plhi-title-holder\">\n        <h6 class='edgtf-plhi-title'>\n            <a itemprop=\"url\" href=\"https:\/\/alvarogomezcampuzano.com\/index.php\/portfolio-item\/nudo-i\/\" target=\"_self\">\n                Alquimia            <\/a>\n        <\/h6>\n    <\/div>\n    \t\t<div class=\"edgtf-pli-category-holder\">\n\t\t\t\t\t\t\t<a itemprop=\"url\" class=\"edgtf-pli-category\" href=\"https:\/\/alvarogomezcampuzano.com\/index.php\/portfolio-category\/acrilicos\/\">Acr\u00edlicos<\/a>\n\t\t\t\t\t\t\t<a itemprop=\"url\" class=\"edgtf-pli-category\" href=\"https:\/\/alvarogomezcampuzano.com\/index.php\/portfolio-category\/sinteticas\/\">Sint\u00e9ticas<\/a>\n\t\t\t\t\t<\/div>\n\t<\/div> \n<div class=\"edgtf-plh-item\">\n    <a itemprop=\"url\" href=\"https:\/\/alvarogomezcampuzano.com\/index.php\/portfolio-item\/nudo-ii\/\" target=\"_self\">\n        <img decoding=\"async\" src=\"https:\/\/alvarogomezcampuzano.com\/wp-content\/uploads\/2024\/07\/02.jpg\" alt=\"\">\n    <\/a>\n    <div class=\"edgtf-plhi-title-holder\">\n        <h6 class='edgtf-plhi-title'>\n            <a itemprop=\"url\" href=\"https:\/\/alvarogomezcampuzano.com\/index.php\/portfolio-item\/nudo-ii\/\" target=\"_self\">\n                Alquimia II            <\/a>\n        <\/h6>\n    <\/div>\n    \t\t<div class=\"edgtf-pli-category-holder\">\n\t\t\t\t\t\t\t<a itemprop=\"url\" class=\"edgtf-pli-category\" href=\"https:\/\/alvarogomezcampuzano.com\/index.php\/portfolio-category\/acrilicos\/\">Acr\u00edlicos<\/a>\n\t\t\t\t\t\t\t<a itemprop=\"url\" class=\"edgtf-pli-category\" href=\"https:\/\/alvarogomezcampuzano.com\/index.php\/portfolio-category\/sinteticas\/\">Sint\u00e9ticas<\/a>\n\t\t\t\t\t<\/div>\n\t<\/div> \n<div class=\"edgtf-plh-item\">\n    <a itemprop=\"url\" href=\"https:\/\/alvarogomezcampuzano.com\/index.php\/portfolio-item\/nudo-ii-2\/\" target=\"_self\">\n        <img decoding=\"async\" src=\"https:\/\/alvarogomezcampuzano.com\/wp-content\/uploads\/2024\/07\/03.jpg\" alt=\"\">\n    <\/a>\n    <div class=\"edgtf-plhi-title-holder\">\n        <h6 class='edgtf-plhi-title'>\n            <a itemprop=\"url\" href=\"https:\/\/alvarogomezcampuzano.com\/index.php\/portfolio-item\/nudo-ii-2\/\" target=\"_self\">\n                Alquimia III            <\/a>\n        <\/h6>\n    <\/div>\n    \t\t<div class=\"edgtf-pli-category-holder\">\n\t\t\t\t\t\t\t<a itemprop=\"url\" class=\"edgtf-pli-category\" href=\"https:\/\/alvarogomezcampuzano.com\/index.php\/portfolio-category\/acrilicos\/\">Acr\u00edlicos<\/a>\n\t\t\t\t\t\t\t<a itemprop=\"url\" class=\"edgtf-pli-category\" href=\"https:\/\/alvarogomezcampuzano.com\/index.php\/portfolio-category\/sinteticas\/\">Sint\u00e9ticas<\/a>\n\t\t\t\t\t<\/div>\n\t<\/div> \n<div class=\"edgtf-plh-item\">\n    <a itemprop=\"url\" href=\"https:\/\/alvarogomezcampuzano.com\/index.php\/portfolio-item\/nudo-iv\/\" target=\"_self\">\n        <img decoding=\"async\" src=\"https:\/\/alvarogomezcampuzano.com\/wp-content\/uploads\/2024\/07\/04.jpg\" alt=\"\">\n    <\/a>\n    <div class=\"edgtf-plhi-title-holder\">\n        <h6 class='edgtf-plhi-title'>\n            <a itemprop=\"url\" href=\"https:\/\/alvarogomezcampuzano.com\/index.php\/portfolio-item\/nudo-iv\/\" target=\"_self\">\n                Alquimia IV            <\/a>\n        <\/h6>\n    <\/div>\n    \t\t<div class=\"edgtf-pli-category-holder\">\n\t\t\t\t\t\t\t<a itemprop=\"url\" class=\"edgtf-pli-category\" href=\"https:\/\/alvarogomezcampuzano.com\/index.php\/portfolio-category\/acrilicos\/\">Acr\u00edlicos<\/a>\n\t\t\t\t\t\t\t<a itemprop=\"url\" class=\"edgtf-pli-category\" href=\"https:\/\/alvarogomezcampuzano.com\/index.php\/portfolio-category\/sinteticas\/\">Sint\u00e9ticas<\/a>\n\t\t\t\t\t<\/div>\n\t<\/div> \n<div class=\"edgtf-plh-item\">\n    <a itemprop=\"url\" href=\"https:\/\/alvarogomezcampuzano.com\/index.php\/portfolio-item\/alquimia-v\/\" target=\"_self\">\n        <img decoding=\"async\" src=\"https:\/\/alvarogomezcampuzano.com\/wp-content\/uploads\/2024\/07\/05-1.jpg\" alt=\"\">\n    <\/a>\n    <div class=\"edgtf-plhi-title-holder\">\n        <h6 class='edgtf-plhi-title'>\n            <a itemprop=\"url\" href=\"https:\/\/alvarogomezcampuzano.com\/index.php\/portfolio-item\/alquimia-v\/\" target=\"_self\">\n                Alquimia V            <\/a>\n        <\/h6>\n    <\/div>\n    \t\t<div class=\"edgtf-pli-category-holder\">\n\t\t\t\t\t\t\t<a itemprop=\"url\" class=\"edgtf-pli-category\" href=\"https:\/\/alvarogomezcampuzano.com\/index.php\/portfolio-category\/acrilicos\/\">Acr\u00edlicos<\/a>\n\t\t\t\t\t\t\t<a itemprop=\"url\" class=\"edgtf-pli-category\" href=\"https:\/\/alvarogomezcampuzano.com\/index.php\/portfolio-category\/sinteticas\/\">Sint\u00e9ticas<\/a>\n\t\t\t\t\t<\/div>\n\t<\/div> \n<div class=\"edgtf-plh-item\">\n    <a itemprop=\"url\" href=\"https:\/\/alvarogomezcampuzano.com\/index.php\/portfolio-item\/alquimia-vi\/\" target=\"_self\">\n        <img decoding=\"async\" src=\"https:\/\/alvarogomezcampuzano.com\/wp-content\/uploads\/2024\/07\/06-1.jpg\" alt=\"\">\n    <\/a>\n    <div class=\"edgtf-plhi-title-holder\">\n        <h6 class='edgtf-plhi-title'>\n            <a itemprop=\"url\" href=\"https:\/\/alvarogomezcampuzano.com\/index.php\/portfolio-item\/alquimia-vi\/\" target=\"_self\">\n                Alquimia VI            <\/a>\n        <\/h6>\n    <\/div>\n    \t\t<div class=\"edgtf-pli-category-holder\">\n\t\t\t\t\t\t\t<a itemprop=\"url\" class=\"edgtf-pli-category\" href=\"https:\/\/alvarogomezcampuzano.com\/index.php\/portfolio-category\/acrilicos\/\">Acr\u00edlicos<\/a>\n\t\t\t\t\t\t\t<a itemprop=\"url\" class=\"edgtf-pli-category\" href=\"https:\/\/alvarogomezcampuzano.com\/index.php\/portfolio-category\/sinteticas\/\">Sint\u00e9ticas<\/a>\n\t\t\t\t\t<\/div>\n\t<\/div> \n<div class=\"edgtf-plh-item\">\n    <a itemprop=\"url\" href=\"https:\/\/alvarogomezcampuzano.com\/index.php\/portfolio-item\/alquimia-vii\/\" target=\"_self\">\n        <img decoding=\"async\" src=\"https:\/\/alvarogomezcampuzano.com\/wp-content\/uploads\/2024\/07\/07-1.jpg\" alt=\"\">\n    <\/a>\n    <div class=\"edgtf-plhi-title-holder\">\n        <h6 class='edgtf-plhi-title'>\n            <a itemprop=\"url\" href=\"https:\/\/alvarogomezcampuzano.com\/index.php\/portfolio-item\/alquimia-vii\/\" target=\"_self\">\n                Alquimia VII            <\/a>\n        <\/h6>\n    <\/div>\n    \t\t<div class=\"edgtf-pli-category-holder\">\n\t\t\t\t\t\t\t<a itemprop=\"url\" class=\"edgtf-pli-category\" href=\"https:\/\/alvarogomezcampuzano.com\/index.php\/portfolio-category\/acrilicos\/\">Acr\u00edlicos<\/a>\n\t\t\t\t\t\t\t<a itemprop=\"url\" class=\"edgtf-pli-category\" href=\"https:\/\/alvarogomezcampuzano.com\/index.php\/portfolio-category\/sinteticas\/\">Sint\u00e9ticas<\/a>\n\t\t\t\t\t<\/div>\n\t<\/div> \n<div class=\"edgtf-plh-item\">\n    <a itemprop=\"url\" href=\"https:\/\/alvarogomezcampuzano.com\/index.php\/portfolio-item\/alquimia-viii\/\" target=\"_self\">\n        <img decoding=\"async\" src=\"https:\/\/alvarogomezcampuzano.com\/wp-content\/uploads\/2024\/07\/08-1.jpg\" alt=\"\">\n    <\/a>\n    <div class=\"edgtf-plhi-title-holder\">\n        <h6 class='edgtf-plhi-title'>\n            <a itemprop=\"url\" href=\"https:\/\/alvarogomezcampuzano.com\/index.php\/portfolio-item\/alquimia-viii\/\" target=\"_self\">\n                Alquimia VIII            <\/a>\n        <\/h6>\n    <\/div>\n    \t\t<div class=\"edgtf-pli-category-holder\">\n\t\t\t\t\t\t\t<a itemprop=\"url\" class=\"edgtf-pli-category\" href=\"https:\/\/alvarogomezcampuzano.com\/index.php\/portfolio-category\/acrilicos\/\">Acr\u00edlicos<\/a>\n\t\t\t\t\t\t\t<a itemprop=\"url\" class=\"edgtf-pli-category\" href=\"https:\/\/alvarogomezcampuzano.com\/index.php\/portfolio-category\/sinteticas\/\">Sint\u00e9ticas<\/a>\n\t\t\t\t\t<\/div>\n\t<\/div> \n<div class=\"edgtf-plh-item\">\n    <a itemprop=\"url\" href=\"https:\/\/alvarogomezcampuzano.com\/index.php\/portfolio-item\/alquimia-ix\/\" target=\"_self\">\n        <img decoding=\"async\" src=\"https:\/\/alvarogomezcampuzano.com\/wp-content\/uploads\/2024\/07\/09-1.jpg\" alt=\"\">\n    <\/a>\n    <div class=\"edgtf-plhi-title-holder\">\n        <h6 class='edgtf-plhi-title'>\n            <a itemprop=\"url\" href=\"https:\/\/alvarogomezcampuzano.com\/index.php\/portfolio-item\/alquimia-ix\/\" target=\"_self\">\n                Alquimia IX            <\/a>\n        <\/h6>\n    <\/div>\n    \t\t<div class=\"edgtf-pli-category-holder\">\n\t\t\t\t\t\t\t<a itemprop=\"url\" class=\"edgtf-pli-category\" href=\"https:\/\/alvarogomezcampuzano.com\/index.php\/portfolio-category\/acrilicos\/\">Acr\u00edlicos<\/a>\n\t\t\t\t\t\t\t<a itemprop=\"url\" class=\"edgtf-pli-category\" href=\"https:\/\/alvarogomezcampuzano.com\/index.php\/portfolio-category\/sinteticas\/\">Sint\u00e9ticas<\/a>\n\t\t\t\t\t<\/div>\n\t<\/div> \n<div class=\"edgtf-plh-item\">\n    <a itemprop=\"url\" href=\"https:\/\/alvarogomezcampuzano.com\/index.php\/portfolio-item\/alquimia-x\/\" target=\"_self\">\n        <img decoding=\"async\" src=\"https:\/\/alvarogomezcampuzano.com\/wp-content\/uploads\/2024\/07\/10-1.jpg\" alt=\"\">\n    <\/a>\n    <div class=\"edgtf-plhi-title-holder\">\n        <h6 class='edgtf-plhi-title'>\n            <a itemprop=\"url\" href=\"https:\/\/alvarogomezcampuzano.com\/index.php\/portfolio-item\/alquimia-x\/\" target=\"_self\">\n                Alquimia X            <\/a>\n        <\/h6>\n    <\/div>\n    \t\t<div class=\"edgtf-pli-category-holder\">\n\t\t\t\t\t\t\t<a itemprop=\"url\" class=\"edgtf-pli-category\" href=\"https:\/\/alvarogomezcampuzano.com\/index.php\/portfolio-category\/acrilicos\/\">Acr\u00edlicos<\/a>\n\t\t\t\t\t\t\t<a itemprop=\"url\" class=\"edgtf-pli-category\" href=\"https:\/\/alvarogomezcampuzano.com\/index.php\/portfolio-category\/sinteticas\/\">Sint\u00e9ticas<\/a>\n\t\t\t\t\t<\/div>\n\t<\/div> \n<div class=\"edgtf-plh-item\">\n    <a itemprop=\"url\" href=\"https:\/\/alvarogomezcampuzano.com\/index.php\/portfolio-item\/alquimia-xi\/\" target=\"_self\">\n        <img decoding=\"async\" src=\"https:\/\/alvarogomezcampuzano.com\/wp-content\/uploads\/2024\/07\/11-1.jpg\" alt=\"\">\n    <\/a>\n    <div class=\"edgtf-plhi-title-holder\">\n        <h6 class='edgtf-plhi-title'>\n            <a itemprop=\"url\" href=\"https:\/\/alvarogomezcampuzano.com\/index.php\/portfolio-item\/alquimia-xi\/\" target=\"_self\">\n                Alquimia XI            <\/a>\n        <\/h6>\n    <\/div>\n    \t\t<div class=\"edgtf-pli-category-holder\">\n\t\t\t\t\t\t\t<a itemprop=\"url\" class=\"edgtf-pli-category\" href=\"https:\/\/alvarogomezcampuzano.com\/index.php\/portfolio-category\/acrilicos\/\">Acr\u00edlicos<\/a>\n\t\t\t\t\t\t\t<a itemprop=\"url\" class=\"edgtf-pli-category\" href=\"https:\/\/alvarogomezcampuzano.com\/index.php\/portfolio-category\/sinteticas\/\">Sint\u00e9ticas<\/a>\n\t\t\t\t\t<\/div>\n\t<\/div> \n<div class=\"edgtf-plh-item\">\n    <a itemprop=\"url\" href=\"https:\/\/alvarogomezcampuzano.com\/index.php\/portfolio-item\/alquimia-xii\/\" target=\"_self\">\n        <img decoding=\"async\" src=\"https:\/\/alvarogomezcampuzano.com\/wp-content\/uploads\/2024\/07\/12-1.jpg\" alt=\"\">\n    <\/a>\n    <div class=\"edgtf-plhi-title-holder\">\n        <h6 class='edgtf-plhi-title'>\n            <a itemprop=\"url\" href=\"https:\/\/alvarogomezcampuzano.com\/index.php\/portfolio-item\/alquimia-xii\/\" target=\"_self\">\n                Alquimia XII            <\/a>\n        <\/h6>\n    <\/div>\n    \t\t<div class=\"edgtf-pli-category-holder\">\n\t\t\t\t\t\t\t<a itemprop=\"url\" class=\"edgtf-pli-category\" href=\"https:\/\/alvarogomezcampuzano.com\/index.php\/portfolio-category\/acrilicos\/\">Acr\u00edlicos<\/a>\n\t\t\t\t\t\t\t<a itemprop=\"url\" class=\"edgtf-pli-category\" href=\"https:\/\/alvarogomezcampuzano.com\/index.php\/portfolio-category\/sinteticas\/\">Sint\u00e9ticas<\/a>\n\t\t\t\t\t<\/div>\n\t<\/div> \n<div class=\"edgtf-plh-item\">\n    <a itemprop=\"url\" href=\"https:\/\/alvarogomezcampuzano.com\/index.php\/portfolio-item\/alquimia-xiii\/\" target=\"_self\">\n        <img decoding=\"async\" src=\"https:\/\/alvarogomezcampuzano.com\/wp-content\/uploads\/2024\/07\/13-1.jpg\" alt=\"\">\n    <\/a>\n    <div class=\"edgtf-plhi-title-holder\">\n        <h6 class='edgtf-plhi-title'>\n            <a itemprop=\"url\" href=\"https:\/\/alvarogomezcampuzano.com\/index.php\/portfolio-item\/alquimia-xiii\/\" target=\"_self\">\n                Alquimia XIII            <\/a>\n        <\/h6>\n    <\/div>\n    \t\t<div class=\"edgtf-pli-category-holder\">\n\t\t\t\t\t\t\t<a itemprop=\"url\" class=\"edgtf-pli-category\" href=\"https:\/\/alvarogomezcampuzano.com\/index.php\/portfolio-category\/acrilicos\/\">Acr\u00edlicos<\/a>\n\t\t\t\t\t\t\t<a itemprop=\"url\" class=\"edgtf-pli-category\" href=\"https:\/\/alvarogomezcampuzano.com\/index.php\/portfolio-category\/sinteticas\/\">Sint\u00e9ticas<\/a>\n\t\t\t\t\t<\/div>\n\t<\/div> \n<div class=\"edgtf-plh-item\">\n    <a itemprop=\"url\" href=\"https:\/\/alvarogomezcampuzano.com\/index.php\/portfolio-item\/alquimia-xiv\/\" target=\"_self\">\n        <img decoding=\"async\" src=\"https:\/\/alvarogomezcampuzano.com\/wp-content\/uploads\/2024\/07\/14-1.jpg\" alt=\"\">\n    <\/a>\n    <div class=\"edgtf-plhi-title-holder\">\n        <h6 class='edgtf-plhi-title'>\n            <a itemprop=\"url\" href=\"https:\/\/alvarogomezcampuzano.com\/index.php\/portfolio-item\/alquimia-xiv\/\" target=\"_self\">\n                Alquimia XIV            <\/a>\n        <\/h6>\n    <\/div>\n    \t\t<div class=\"edgtf-pli-category-holder\">\n\t\t\t\t\t\t\t<a itemprop=\"url\" class=\"edgtf-pli-category\" href=\"https:\/\/alvarogomezcampuzano.com\/index.php\/portfolio-category\/acrilicos\/\">Acr\u00edlicos<\/a>\n\t\t\t\t\t\t\t<a itemprop=\"url\" class=\"edgtf-pli-category\" href=\"https:\/\/alvarogomezcampuzano.com\/index.php\/portfolio-category\/sinteticas\/\">Sint\u00e9ticas<\/a>\n\t\t\t\t\t<\/div>\n\t<\/div> \n<div class=\"edgtf-plh-item\">\n    <a itemprop=\"url\" href=\"https:\/\/alvarogomezcampuzano.com\/index.php\/portfolio-item\/alquimia-xv\/\" target=\"_self\">\n        <img decoding=\"async\" src=\"https:\/\/alvarogomezcampuzano.com\/wp-content\/uploads\/2024\/07\/15-1.jpg\" alt=\"\">\n    <\/a>\n    <div class=\"edgtf-plhi-title-holder\">\n        <h6 class='edgtf-plhi-title'>\n            <a itemprop=\"url\" href=\"https:\/\/alvarogomezcampuzano.com\/index.php\/portfolio-item\/alquimia-xv\/\" target=\"_self\">\n                Alquimia XV            <\/a>\n        <\/h6>\n    <\/div>\n    \t\t<div class=\"edgtf-pli-category-holder\">\n\t\t\t\t\t\t\t<a itemprop=\"url\" class=\"edgtf-pli-category\" href=\"https:\/\/alvarogomezcampuzano.com\/index.php\/portfolio-category\/acrilicos\/\">Acr\u00edlicos<\/a>\n\t\t\t\t\t\t\t<a itemprop=\"url\" class=\"edgtf-pli-category\" href=\"https:\/\/alvarogomezcampuzano.com\/index.php\/portfolio-category\/sinteticas\/\">Sint\u00e9ticas<\/a>\n\t\t\t\t\t<\/div>\n\t<\/div> \n<div class=\"edgtf-plh-item\">\n    <a itemprop=\"url\" href=\"https:\/\/alvarogomezcampuzano.com\/index.php\/portfolio-item\/alquimia-xvi\/\" target=\"_self\">\n        <img decoding=\"async\" src=\"https:\/\/alvarogomezcampuzano.com\/wp-content\/uploads\/2024\/07\/17-1.jpg\" alt=\"\">\n    <\/a>\n    <div class=\"edgtf-plhi-title-holder\">\n        <h6 class='edgtf-plhi-title'>\n            <a itemprop=\"url\" href=\"https:\/\/alvarogomezcampuzano.com\/index.php\/portfolio-item\/alquimia-xvi\/\" target=\"_self\">\n                Alquimia XVI            <\/a>\n        <\/h6>\n    <\/div>\n    \t\t<div class=\"edgtf-pli-category-holder\">\n\t\t\t\t\t\t\t<a itemprop=\"url\" class=\"edgtf-pli-category\" href=\"https:\/\/alvarogomezcampuzano.com\/index.php\/portfolio-category\/acrilicos\/\">Acr\u00edlicos<\/a>\n\t\t\t\t\t\t\t<a itemprop=\"url\" class=\"edgtf-pli-category\" href=\"https:\/\/alvarogomezcampuzano.com\/index.php\/portfolio-category\/sinteticas\/\">Sint\u00e9ticas<\/a>\n\t\t\t\t\t<\/div>\n\t<\/div> \n<div class=\"edgtf-plh-item\">\n    <a itemprop=\"url\" href=\"https:\/\/alvarogomezcampuzano.com\/index.php\/portfolio-item\/alquimia-xvii\/\" target=\"_self\">\n        <img decoding=\"async\" src=\"https:\/\/alvarogomezcampuzano.com\/wp-content\/uploads\/2024\/07\/18-1.jpg\" alt=\"\">\n    <\/a>\n    <div class=\"edgtf-plhi-title-holder\">\n        <h6 class='edgtf-plhi-title'>\n            <a itemprop=\"url\" href=\"https:\/\/alvarogomezcampuzano.com\/index.php\/portfolio-item\/alquimia-xvii\/\" target=\"_self\">\n                Alquimia XVII            <\/a>\n        <\/h6>\n    <\/div>\n    \t\t<div class=\"edgtf-pli-category-holder\">\n\t\t\t\t\t\t\t<a itemprop=\"url\" class=\"edgtf-pli-category\" href=\"https:\/\/alvarogomezcampuzano.com\/index.php\/portfolio-category\/acrilicos\/\">Acr\u00edlicos<\/a>\n\t\t\t\t\t\t\t<a itemprop=\"url\" class=\"edgtf-pli-category\" href=\"https:\/\/alvarogomezcampuzano.com\/index.php\/portfolio-category\/sinteticas\/\">Sint\u00e9ticas<\/a>\n\t\t\t\t\t<\/div>\n\t<\/div> \n<div class=\"edgtf-plh-item\">\n    <a itemprop=\"url\" href=\"https:\/\/alvarogomezcampuzano.com\/index.php\/portfolio-item\/alquimia-xviii\/\" target=\"_self\">\n        <img decoding=\"async\" src=\"https:\/\/alvarogomezcampuzano.com\/wp-content\/uploads\/2024\/07\/19-1.jpg\" alt=\"\">\n    <\/a>\n    <div class=\"edgtf-plhi-title-holder\">\n        <h6 class='edgtf-plhi-title'>\n            <a itemprop=\"url\" href=\"https:\/\/alvarogomezcampuzano.com\/index.php\/portfolio-item\/alquimia-xviii\/\" target=\"_self\">\n                Alquimia XVIII            <\/a>\n        <\/h6>\n    <\/div>\n    \t\t<div class=\"edgtf-pli-category-holder\">\n\t\t\t\t\t\t\t<a itemprop=\"url\" class=\"edgtf-pli-category\" href=\"https:\/\/alvarogomezcampuzano.com\/index.php\/portfolio-category\/acrilicos\/\">Acr\u00edlicos<\/a>\n\t\t\t\t\t\t\t<a itemprop=\"url\" class=\"edgtf-pli-category\" href=\"https:\/\/alvarogomezcampuzano.com\/index.php\/portfolio-category\/sinteticas\/\">Sint\u00e9ticas<\/a>\n\t\t\t\t\t<\/div>\n\t<\/div>     <\/div>\n            <div class=\"edgtf-ptfh-static\">\n            <h2 class=\"edgtf-ptfh-title\">\n                <span>Sint\u00e9ticas<\/span>\n                <span>Acrilicos<\/span>\n            <\/h2>\n                        <div class=\"edgtf-ptfh-widget-area\">\n                \t\t<a class=\"edgtf-social-icon-widget-holder edgtf-icon-has-hover\"  style=\"font-size: 15px;margin: 2px 0px 0px 0px;\" href=\"https:\/\/www.facebook.com\/profile.php?id=100007885188821\" target=\"_blank\">\n\t\t\t<span class=\"edgtf-social-icon-widget fab fa-facebook-f      \"><\/span>\t\t<\/a>\n\t\t\t\t<a class=\"edgtf-social-icon-widget-holder edgtf-icon-has-hover\"  style=\"font-size: 13px;margin: 0px 0px 0px 14px;\" href=\"https:\/\/www.instagram.com\/alvarodiegogomez\/\" target=\"_blank\">\n\t\t\t<span class=\"edgtf-social-icon-widget fab fa-instagram      \"><\/span>\t\t<\/a>\n\t\t            <\/div>\n                    <\/div>\n    <\/div> \t\t<\/div>\n\t\t\t\t<\/div>\n\t\t\t\t<\/div>\n\t\t\t\t<\/div>\n\t\t","protected":false},"excerpt":{"rendered":"<p>We are all one Acr\u00edlicos Sint\u00e9ticas We are all one II Acr\u00edlicos Sint\u00e9ticas We are all one III Acr\u00edlicos Sint\u00e9ticas We are all one IV Acr\u00edlicos Sint\u00e9ticas Nudo I Acr\u00edlicos Sint\u00e9ticas Nudo II Acr\u00edlicos Sint\u00e9ticas Nudo III Acr\u00edlicos Sint\u00e9ticas Nudo [&hellip;]<\/p>\n","protected":false},"author":1,"featured_media":0,"parent":33,"menu_order":0,"comment_status":"closed","ping_status":"closed","template":"","meta":{"footnotes":""},"class_list":["post-886","page","type-page","status-publish","hentry"],"_links":{"self":[{"href":"https:\/\/alvarogomezcampuzano.com\/index.php\/wp-json\/wp\/v2\/pages\/886","targetHints":{"allow":["GET"]}}],"collection":[{"href":"https:\/\/alvarogomezcampuzano.com\/index.php\/wp-json\/wp\/v2\/pages"}],"about":[{"href":"https:\/\/alvarogomezcampuzano.com\/index.php\/wp-json\/wp\/v2\/types\/page"}],"author":[{"embeddable":true,"href":"https:\/\/alvarogomezcampuzano.com\/index.php\/wp-json\/wp\/v2\/users\/1"}],"replies":[{"embeddable":true,"href":"https:\/\/alvarogomezcampuzano.com\/index.php\/wp-json\/wp\/v2\/comments?post=886"}],"version-history":[{"count":6,"href":"https:\/\/alvarogomezcampuzano.com\/index.php\/wp-json\/wp\/v2\/pages\/886\/revisions"}],"predecessor-version":[{"id":896,"href":"https:\/\/alvarogomezcampuzano.com\/index.php\/wp-json\/wp\/v2\/pages\/886\/revisions\/896"}],"up":[{"embeddable":true,"href":"https:\/\/alvarogomezcampuzano.com\/index.php\/wp-json\/wp\/v2\/pages\/33"}],"wp:attachment":[{"href":"https:\/\/alvarogomezcampuzano.com\/index.php\/wp-json\/wp\/v2\/media?parent=886"}],"curies":[{"name":"wp","href":"https:\/\/api.w.org\/{rel}","templated":true}]}}