{"id":23,"date":"2024-05-30T18:13:23","date_gmt":"2024-05-30T23:13:23","guid":{"rendered":"https:\/\/alvarogomezcampuzano.com\/?page_id=23"},"modified":"2024-06-01T21:17:25","modified_gmt":"2024-06-02T02:17:25","slug":"organicas","status":"publish","type":"page","link":"https:\/\/alvarogomezcampuzano.com\/index.php\/organicas\/","title":{"rendered":"Org\u00e1nicas"},"content":{"rendered":"\t\t<div data-elementor-type=\"wp-page\" data-elementor-id=\"23\" class=\"elementor elementor-23\">\n\t\t\t\t<div class=\"elementor-element elementor-element-3579508 e-con-full e-flex e-con e-parent\" data-id=\"3579508\" data-element_type=\"container\">\n\t\t\t\t<div class=\"elementor-element elementor-element-9471351 elementor-widget elementor-widget-edgtf_portfolio_list_horizontal\" data-id=\"9471351\" data-element_type=\"widget\" data-widget_type=\"edgtf_portfolio_list_horizontal.default\">\n\t\t\t\t<div class=\"elementor-widget-container\">\n\t\t\t<div class=\"edgtf-portfolio-list-horizontal-holder edgtf-fullscreen\" >\n    <div class=\"edgtf-portfolio-list-horizontal-inner\">\n        \n<div class=\"edgtf-plh-item\">\n    <a itemprop=\"url\" href=\"https:\/\/alvarogomezcampuzano.com\/index.php\/portfolio-item\/frailejon\/\" target=\"_self\">\n        <img decoding=\"async\" src=\"https:\/\/alvarogomezcampuzano.com\/wp-content\/uploads\/2024\/06\/o01.jpg\" alt=\"\">\n    <\/a>\n    <div class=\"edgtf-plhi-title-holder\">\n        <h6 class='edgtf-plhi-title'>\n            <a itemprop=\"url\" href=\"https:\/\/alvarogomezcampuzano.com\/index.php\/portfolio-item\/frailejon\/\" target=\"_self\">\n                Frailej\u00f3n            <\/a>\n        <\/h6>\n    <\/div>\n    \t\t<div class=\"edgtf-pli-category-holder\">\n\t\t\t\t\t\t\t<a itemprop=\"url\" class=\"edgtf-pli-category\" href=\"https:\/\/alvarogomezcampuzano.com\/index.php\/portfolio-category\/organicas\/\">Org\u00e1nicas<\/a>\n\t\t\t\t\t<\/div>\n\t<\/div> \n<div class=\"edgtf-plh-item\">\n    <a itemprop=\"url\" href=\"https:\/\/alvarogomezcampuzano.com\/index.php\/portfolio-item\/bodegon-de-algas-compactadas\/\" target=\"_self\">\n        <img decoding=\"async\" src=\"https:\/\/alvarogomezcampuzano.com\/wp-content\/uploads\/2024\/06\/o02.jpg\" alt=\"\">\n    <\/a>\n    <div class=\"edgtf-plhi-title-holder\">\n        <h6 class='edgtf-plhi-title'>\n            <a itemprop=\"url\" href=\"https:\/\/alvarogomezcampuzano.com\/index.php\/portfolio-item\/bodegon-de-algas-compactadas\/\" target=\"_self\">\n                Bodeg\u00f3n de algas compactadas            <\/a>\n        <\/h6>\n    <\/div>\n    \t\t<div class=\"edgtf-pli-category-holder\">\n\t\t\t\t\t\t\t<a itemprop=\"url\" class=\"edgtf-pli-category\" href=\"https:\/\/alvarogomezcampuzano.com\/index.php\/portfolio-category\/organicas\/\">Org\u00e1nicas<\/a>\n\t\t\t\t\t<\/div>\n\t<\/div> \n<div class=\"edgtf-plh-item\">\n    <a itemprop=\"url\" href=\"https:\/\/alvarogomezcampuzano.com\/index.php\/portfolio-item\/frutas-en-decomposicion\/\" target=\"_self\">\n        <img decoding=\"async\" src=\"https:\/\/alvarogomezcampuzano.com\/wp-content\/uploads\/2024\/06\/o03.jpg\" alt=\"\">\n    <\/a>\n    <div class=\"edgtf-plhi-title-holder\">\n        <h6 class='edgtf-plhi-title'>\n            <a itemprop=\"url\" href=\"https:\/\/alvarogomezcampuzano.com\/index.php\/portfolio-item\/frutas-en-decomposicion\/\" target=\"_self\">\n                Frutas en decomposici\u00f3n            <\/a>\n        <\/h6>\n    <\/div>\n    \t\t<div class=\"edgtf-pli-category-holder\">\n\t\t\t\t\t\t\t<a itemprop=\"url\" class=\"edgtf-pli-category\" href=\"https:\/\/alvarogomezcampuzano.com\/index.php\/portfolio-category\/organicas\/\">Org\u00e1nicas<\/a>\n\t\t\t\t\t<\/div>\n\t<\/div> \n<div class=\"edgtf-plh-item\">\n    <a itemprop=\"url\" href=\"https:\/\/alvarogomezcampuzano.com\/index.php\/portfolio-item\/disco-2\/\" target=\"_self\">\n        <img decoding=\"async\" src=\"https:\/\/alvarogomezcampuzano.com\/wp-content\/uploads\/2024\/06\/o04.jpg\" alt=\"\">\n    <\/a>\n    <div class=\"edgtf-plhi-title-holder\">\n        <h6 class='edgtf-plhi-title'>\n            <a itemprop=\"url\" href=\"https:\/\/alvarogomezcampuzano.com\/index.php\/portfolio-item\/disco-2\/\" target=\"_self\">\n                Disco            <\/a>\n        <\/h6>\n    <\/div>\n    \t\t<div class=\"edgtf-pli-category-holder\">\n\t\t\t\t\t\t\t<a itemprop=\"url\" class=\"edgtf-pli-category\" href=\"https:\/\/alvarogomezcampuzano.com\/index.php\/portfolio-category\/organicas\/\">Org\u00e1nicas<\/a>\n\t\t\t\t\t<\/div>\n\t<\/div> \n<div class=\"edgtf-plh-item\">\n    <a itemprop=\"url\" href=\"https:\/\/alvarogomezcampuzano.com\/index.php\/portfolio-item\/petroglifos\/\" target=\"_self\">\n        <img decoding=\"async\" src=\"https:\/\/alvarogomezcampuzano.com\/wp-content\/uploads\/2024\/06\/o05.jpg\" alt=\"\">\n    <\/a>\n    <div class=\"edgtf-plhi-title-holder\">\n        <h6 class='edgtf-plhi-title'>\n            <a itemprop=\"url\" href=\"https:\/\/alvarogomezcampuzano.com\/index.php\/portfolio-item\/petroglifos\/\" target=\"_self\">\n                Petroglifos            <\/a>\n        <\/h6>\n    <\/div>\n    \t\t<div class=\"edgtf-pli-category-holder\">\n\t\t\t\t\t\t\t<a itemprop=\"url\" class=\"edgtf-pli-category\" href=\"https:\/\/alvarogomezcampuzano.com\/index.php\/portfolio-category\/organicas\/\">Org\u00e1nicas<\/a>\n\t\t\t\t\t<\/div>\n\t<\/div>     <\/div>\n            <div class=\"edgtf-ptfh-static\">\n            <h2 class=\"edgtf-ptfh-title\">\n                <span>Org\u00e1nicas<\/span>\n                <span><\/span>\n            <\/h2>\n                        <div class=\"edgtf-ptfh-widget-area\">\n                \t\t<a class=\"edgtf-social-icon-widget-holder edgtf-icon-has-hover\"  style=\"font-size: 15px;margin: 2px 0px 0px 0px;\" href=\"https:\/\/www.facebook.com\/profile.php?id=100007885188821\" target=\"_blank\">\n\t\t\t<span class=\"edgtf-social-icon-widget fab fa-facebook-f      \"><\/span>\t\t<\/a>\n\t\t\t\t<a class=\"edgtf-social-icon-widget-holder edgtf-icon-has-hover\"  style=\"font-size: 13px;margin: 0px 0px 0px 14px;\" href=\"https:\/\/www.instagram.com\/alvarodiegogomez\/\" target=\"_blank\">\n\t\t\t<span class=\"edgtf-social-icon-widget fab fa-instagram      \"><\/span>\t\t<\/a>\n\t\t            <\/div>\n                    <\/div>\n    <\/div> \t\t<\/div>\n\t\t\t\t<\/div>\n\t\t\t\t<\/div>\n\t\t\t\t<\/div>\n\t\t","protected":false},"excerpt":{"rendered":"<p>Frailej\u00f3n Org\u00e1nicas Bodeg\u00f3n de algas compactadas Org\u00e1nicas Frutas en decomposici\u00f3n Org\u00e1nicas Disco Org\u00e1nicas Petroglifos Org\u00e1nicas Sin fin Org\u00e1nicas Hitos Org\u00e1nicas Org\u00e1nicas<\/p>\n","protected":false},"author":1,"featured_media":0,"parent":0,"menu_order":0,"comment_status":"closed","ping_status":"closed","template":"","meta":{"footnotes":""},"class_list":["post-23","page","type-page","status-publish","hentry"],"_links":{"self":[{"href":"https:\/\/alvarogomezcampuzano.com\/index.php\/wp-json\/wp\/v2\/pages\/23","targetHints":{"allow":["GET"]}}],"collection":[{"href":"https:\/\/alvarogomezcampuzano.com\/index.php\/wp-json\/wp\/v2\/pages"}],"about":[{"href":"https:\/\/alvarogomezcampuzano.com\/index.php\/wp-json\/wp\/v2\/types\/page"}],"author":[{"embeddable":true,"href":"https:\/\/alvarogomezcampuzano.com\/index.php\/wp-json\/wp\/v2\/users\/1"}],"replies":[{"embeddable":true,"href":"https:\/\/alvarogomezcampuzano.com\/index.php\/wp-json\/wp\/v2\/comments?post=23"}],"version-history":[{"count":8,"href":"https:\/\/alvarogomezcampuzano.com\/index.php\/wp-json\/wp\/v2\/pages\/23\/revisions"}],"predecessor-version":[{"id":410,"href":"https:\/\/alvarogomezcampuzano.com\/index.php\/wp-json\/wp\/v2\/pages\/23\/revisions\/410"}],"wp:attachment":[{"href":"https:\/\/alvarogomezcampuzano.com\/index.php\/wp-json\/wp\/v2\/media?parent=23"}],"curies":[{"name":"wp","href":"https:\/\/api.w.org\/{rel}","templated":true}]}}