{"id":11,"date":"2024-05-30T17:57:08","date_gmt":"2024-05-30T22:57:08","guid":{"rendered":"https:\/\/alvarogomezcampuzano.com\/?page_id=11"},"modified":"2024-07-01T14:53:30","modified_gmt":"2024-07-01T19:53:30","slug":"inicio","status":"publish","type":"page","link":"https:\/\/alvarogomezcampuzano.com\/","title":{"rendered":"Inicio"},"content":{"rendered":"\t\t<div data-elementor-type=\"wp-page\" data-elementor-id=\"11\" class=\"elementor elementor-11\">\n\t\t\t\t<div class=\"elementor-element elementor-element-a3fcd84 e-con-full e-flex e-con e-parent\" data-id=\"a3fcd84\" data-element_type=\"container\">\n\t\t<div class=\"elementor-element elementor-element-c8b8437 e-con-full e-flex e-con e-child\" data-id=\"c8b8437\" data-element_type=\"container\">\n\t\t\t\t<div class=\"elementor-element elementor-element-f19ac14 elementor-widget elementor-widget-qi_addons_for_elementor_banner\" data-id=\"f19ac14\" data-element_type=\"widget\" data-widget_type=\"qi_addons_for_elementor_banner.default\">\n\t\t\t\t<div class=\"elementor-widget-container\">\n\t\t\t<div class=\"qodef-shortcode qodef-m  qodef-qi-banner qodef-layout--in-box qodef-vertical--bottom qodef-horizontal--left qodef-image--hover-zoom \">\n\t<div class=\"qodef-m-image\">\n\t<img fetchpriority=\"high\" decoding=\"async\" width=\"650\" height=\"1049\" src=\"https:\/\/alvarogomezcampuzano.com\/wp-content\/uploads\/2024\/07\/textura_textiles.jpg\" class=\"attachment-full size-full\" alt=\"\" srcset=\"https:\/\/alvarogomezcampuzano.com\/wp-content\/uploads\/2024\/07\/textura_textiles.jpg 650w, https:\/\/alvarogomezcampuzano.com\/wp-content\/uploads\/2024\/07\/textura_textiles-186x300.jpg 186w, https:\/\/alvarogomezcampuzano.com\/wp-content\/uploads\/2024\/07\/textura_textiles-635x1024.jpg 635w\" sizes=\"(max-width: 650px) 100vw, 650px\" \/><\/div>\n\t<div class=\"qodef-m-content\">\n\t\t<div class=\"qodef-m-content-inner\">\n\t\t\t\t<h6 class=\"qodef-m-subtitle\">\n\t\tTextiles\t<\/h6>\n\t\t\t\t\t\t\t\t\t\t\t<\/div>\n\t<\/div>\n\t\t<a itemprop=\"url\" href=\"https:\/\/alvarogomezcampuzano.com\/index.php\/textiles\/\" class=\"qodef-m-banner-link\" target=\"_self\"><\/a>\n<\/div>\n\t\t<\/div>\n\t\t\t\t<\/div>\n\t\t\t\t<\/div>\n\t\t<div class=\"elementor-element elementor-element-266af09 e-con-full e-flex e-con e-child\" data-id=\"266af09\" data-element_type=\"container\">\n\t\t\t\t<div class=\"elementor-element elementor-element-aa0fedb elementor-widget elementor-widget-qi_addons_for_elementor_banner\" data-id=\"aa0fedb\" data-element_type=\"widget\" data-widget_type=\"qi_addons_for_elementor_banner.default\">\n\t\t\t\t<div class=\"elementor-widget-container\">\n\t\t\t<div class=\"qodef-shortcode qodef-m  qodef-qi-banner qodef-layout--in-box qodef-vertical--bottom qodef-horizontal--left qodef-image--hover-zoom \">\n\t<div class=\"qodef-m-image\">\n\t<img decoding=\"async\" width=\"260\" height=\"420\" src=\"https:\/\/alvarogomezcampuzano.com\/wp-content\/uploads\/2024\/07\/textura_esculturas.jpg\" class=\"attachment-full size-full\" alt=\"\" srcset=\"https:\/\/alvarogomezcampuzano.com\/wp-content\/uploads\/2024\/07\/textura_esculturas.jpg 260w, https:\/\/alvarogomezcampuzano.com\/wp-content\/uploads\/2024\/07\/textura_esculturas-186x300.jpg 186w\" sizes=\"(max-width: 260px) 100vw, 260px\" \/><\/div>\n\t<div class=\"qodef-m-content\">\n\t\t<div class=\"qodef-m-content-inner\">\n\t\t\t\t<h6 class=\"qodef-m-subtitle\">\n\t\tEsculturas\t<\/h6>\n\t\t\t\t\t\t\t\t\t\t\t<\/div>\n\t<\/div>\n\t\t<a itemprop=\"url\" href=\"https:\/\/alvarogomezcampuzano.com\/index.php\/esculturas\/\" class=\"qodef-m-banner-link\" target=\"_self\"><\/a>\n<\/div>\n\t\t<\/div>\n\t\t\t\t<\/div>\n\t\t\t\t<\/div>\n\t\t<div class=\"elementor-element elementor-element-77aa0f3 e-con-full e-flex e-con e-child\" data-id=\"77aa0f3\" data-element_type=\"container\">\n\t\t\t\t<div class=\"elementor-element elementor-element-c82484c elementor-widget elementor-widget-qi_addons_for_elementor_banner\" data-id=\"c82484c\" data-element_type=\"widget\" data-widget_type=\"qi_addons_for_elementor_banner.default\">\n\t\t\t\t<div class=\"elementor-widget-container\">\n\t\t\t<div class=\"qodef-shortcode qodef-m  qodef-qi-banner qodef-layout--in-box qodef-vertical--bottom qodef-horizontal--left qodef-image--hover-zoom \">\n\t<div class=\"qodef-m-image\">\n\t<img decoding=\"async\" width=\"650\" height=\"1049\" src=\"https:\/\/alvarogomezcampuzano.com\/wp-content\/uploads\/2024\/07\/textura_pinturas.jpg\" class=\"attachment-full size-full\" alt=\"\" srcset=\"https:\/\/alvarogomezcampuzano.com\/wp-content\/uploads\/2024\/07\/textura_pinturas.jpg 650w, https:\/\/alvarogomezcampuzano.com\/wp-content\/uploads\/2024\/07\/textura_pinturas-186x300.jpg 186w, https:\/\/alvarogomezcampuzano.com\/wp-content\/uploads\/2024\/07\/textura_pinturas-635x1024.jpg 635w\" sizes=\"(max-width: 650px) 100vw, 650px\" \/><\/div>\n\t<div class=\"qodef-m-content\">\n\t\t<div class=\"qodef-m-content-inner\">\n\t\t\t\t<h6 class=\"qodef-m-subtitle\">\n\t\tPinturas\t<\/h6>\n\t\t\t\t\t\t\t\t\t\t\t<\/div>\n\t<\/div>\n\t\t<a itemprop=\"url\" href=\"https:\/\/alvarogomezcampuzano.com\/index.php\/pinturas\/\" class=\"qodef-m-banner-link\" target=\"_self\"><\/a>\n<\/div>\n\t\t<\/div>\n\t\t\t\t<\/div>\n\t\t\t\t<\/div>\n\t\t<div class=\"elementor-element elementor-element-6b6b167 e-con-full e-flex e-con e-child\" data-id=\"6b6b167\" data-element_type=\"container\">\n\t\t\t\t<div class=\"elementor-element elementor-element-afdaf08 elementor-widget elementor-widget-qi_addons_for_elementor_banner\" data-id=\"afdaf08\" data-element_type=\"widget\" data-widget_type=\"qi_addons_for_elementor_banner.default\">\n\t\t\t\t<div class=\"elementor-widget-container\">\n\t\t\t<div class=\"qodef-shortcode qodef-m  qodef-qi-banner qodef-layout--in-box qodef-vertical--bottom qodef-horizontal--left qodef-image--hover-zoom \">\n\t<div class=\"qodef-m-image\">\n\t<img loading=\"lazy\" decoding=\"async\" width=\"260\" height=\"420\" src=\"https:\/\/alvarogomezcampuzano.com\/wp-content\/uploads\/2024\/07\/textura_organicas.jpg\" class=\"attachment-full size-full\" alt=\"\" srcset=\"https:\/\/alvarogomezcampuzano.com\/wp-content\/uploads\/2024\/07\/textura_organicas.jpg 260w, https:\/\/alvarogomezcampuzano.com\/wp-content\/uploads\/2024\/07\/textura_organicas-186x300.jpg 186w\" sizes=\"(max-width: 260px) 100vw, 260px\" \/><\/div>\n\t<div class=\"qodef-m-content\">\n\t\t<div class=\"qodef-m-content-inner\">\n\t\t\t\t<h6 class=\"qodef-m-subtitle\">\n\t\tOrg\u00e1nicas\t<\/h6>\n\t\t\t\t\t\t\t\t\t\t\t<\/div>\n\t<\/div>\n\t\t<a itemprop=\"url\" href=\"https:\/\/alvarogomezcampuzano.com\/index.php\/organicas\/\" class=\"qodef-m-banner-link\" target=\"_self\"><\/a>\n<\/div>\n\t\t<\/div>\n\t\t\t\t<\/div>\n\t\t\t\t<\/div>\n\t\t<div class=\"elementor-element elementor-element-a994c3a e-con-full e-flex e-con e-child\" data-id=\"a994c3a\" data-element_type=\"container\">\n\t\t\t\t<div class=\"elementor-element elementor-element-1e8426d elementor-widget elementor-widget-qi_addons_for_elementor_banner\" data-id=\"1e8426d\" data-element_type=\"widget\" data-widget_type=\"qi_addons_for_elementor_banner.default\">\n\t\t\t\t<div class=\"elementor-widget-container\">\n\t\t\t<div class=\"qodef-shortcode qodef-m  qodef-qi-banner qodef-layout--in-box qodef-vertical--bottom qodef-horizontal--left qodef-image--hover-zoom \">\n\t<div class=\"qodef-m-image\">\n\t<img loading=\"lazy\" decoding=\"async\" width=\"260\" height=\"420\" src=\"https:\/\/alvarogomezcampuzano.com\/wp-content\/uploads\/2024\/07\/textura_sinteticas.jpg\" class=\"attachment-full size-full\" alt=\"\" srcset=\"https:\/\/alvarogomezcampuzano.com\/wp-content\/uploads\/2024\/07\/textura_sinteticas.jpg 260w, https:\/\/alvarogomezcampuzano.com\/wp-content\/uploads\/2024\/07\/textura_sinteticas-186x300.jpg 186w\" sizes=\"(max-width: 260px) 100vw, 260px\" \/><\/div>\n\t<div class=\"qodef-m-content\">\n\t\t<div class=\"qodef-m-content-inner\">\n\t\t\t\t<h6 class=\"qodef-m-subtitle\">\n\t\tSint\u00e9ticas\t<\/h6>\n\t\t\t\t\t\t\t\t\t\t\t<\/div>\n\t<\/div>\n\t\t<a itemprop=\"url\" href=\"https:\/\/alvarogomezcampuzano.com\/index.php\/sinteticas\/\" class=\"qodef-m-banner-link\" target=\"_self\"><\/a>\n<\/div>\n\t\t<\/div>\n\t\t\t\t<\/div>\n\t\t\t\t<\/div>\n\t\t\t\t<\/div>\n\t\t<div class=\"elementor-element elementor-element-df0a1c4 e-flex e-con-boxed e-con e-parent\" data-id=\"df0a1c4\" data-element_type=\"container\">\n\t\t\t\t\t<div class=\"e-con-inner\">\n\t\t\t\t<div class=\"elementor-element elementor-element-d7efc6b elementor-widget elementor-widget-qi_addons_for_elementor_animated_text\" data-id=\"d7efc6b\" data-element_type=\"widget\" data-widget_type=\"qi_addons_for_elementor_animated_text.default\">\n\t\t\t\t<div class=\"elementor-widget-container\">\n\t\t\t<div class=\"qodef-shortcode qodef-m  qodef-qi-animated-text qodef--animated-by-word qodef--alignment-left qodef-qi--has-appear qodef--appear-from-bottom\" >\n\t\t<h3 class=\"qodef-m-title\">\n\t\t<span class=\"qodef-e-word\">Alvaro<\/span> <span class=\"qodef-e-word\">diego<\/span> <span class=\"qodef-e-word\">G\u00f3mez<\/span> <span class=\"qodef-e-word\">campuzano<\/span>\t<\/h3>\n<\/div>\n\t\t<\/div>\n\t\t\t\t<\/div>\n\t\t\t\t\t<\/div>\n\t\t\t\t<\/div>\n\t\t\t\t<\/div>\n\t\t","protected":false},"excerpt":{"rendered":"<p>Textiles Esculturas Pinturas Org\u00e1nicas Sint\u00e9ticas Alvaro diego G\u00f3mez campuzano<\/p>\n","protected":false},"author":1,"featured_media":0,"parent":0,"menu_order":0,"comment_status":"closed","ping_status":"closed","template":"","meta":{"footnotes":""},"class_list":["post-11","page","type-page","status-publish","hentry"],"_links":{"self":[{"href":"https:\/\/alvarogomezcampuzano.com\/index.php\/wp-json\/wp\/v2\/pages\/11","targetHints":{"allow":["GET"]}}],"collection":[{"href":"https:\/\/alvarogomezcampuzano.com\/index.php\/wp-json\/wp\/v2\/pages"}],"about":[{"href":"https:\/\/alvarogomezcampuzano.com\/index.php\/wp-json\/wp\/v2\/types\/page"}],"author":[{"embeddable":true,"href":"https:\/\/alvarogomezcampuzano.com\/index.php\/wp-json\/wp\/v2\/users\/1"}],"replies":[{"embeddable":true,"href":"https:\/\/alvarogomezcampuzano.com\/index.php\/wp-json\/wp\/v2\/comments?post=11"}],"version-history":[{"count":31,"href":"https:\/\/alvarogomezcampuzano.com\/index.php\/wp-json\/wp\/v2\/pages\/11\/revisions"}],"predecessor-version":[{"id":940,"href":"https:\/\/alvarogomezcampuzano.com\/index.php\/wp-json\/wp\/v2\/pages\/11\/revisions\/940"}],"wp:attachment":[{"href":"https:\/\/alvarogomezcampuzano.com\/index.php\/wp-json\/wp\/v2\/media?parent=11"}],"curies":[{"name":"wp","href":"https:\/\/api.w.org\/{rel}","templated":true}]}}